{"id":27,"date":"2024-09-03T16:16:25","date_gmt":"2024-09-03T15:16:25","guid":{"rendered":"https:\/\/bubblebaby.co.uk\/?page_id=27"},"modified":"2025-02-25T09:26:58","modified_gmt":"2025-02-25T09:26:58","slug":"downloads","status":"publish","type":"page","link":"https:\/\/bubblebaby.test.sizzlecreative.co.uk\/pl\/downloads\/","title":{"rendered":"Pliki do pobrania"},"content":{"rendered":"<div id=\"fws_69dc3779f3e0d\"  data-column-margin=\"50px\" data-midnight=\"dark\"  class=\"wpb_row vc_row-fluid vc_row full-width-section vc_row-o-equal-height vc_row-flex vc_row-o-content-middle  top_padding_tablet_100px top_padding_phone_50px\"  style=\"padding-top: 0px; padding-bottom: 50px; \"><div class=\"row-bg-wrap\" data-bg-animation=\"none\" data-bg-animation-delay=\"\" data-bg-overlay=\"false\"><div class=\"inner-wrap row-bg-layer\" ><div class=\"row-bg viewport-desktop\"  style=\"\"><\/div><\/div><\/div><ul class=\"nectar-parallax-scene row-bg-layer\" data-scene-position=\"bottom\" data-scene-strength=\"2\"><li class=\"layer\" data-depth=\"0.00\"><\/li><li class=\"layer\" data-depth=\"0\"><div style=\"background-image:url('https:\/\/bubblebaby.test.sizzlecreative.co.uk\/wp-content\/uploads\/2024\/09\/sky-1.png');\"><\/div><\/li><li class=\"layer\" data-depth=\".1\"><div style=\"background-image:url('https:\/\/bubblebaby.test.sizzlecreative.co.uk\/wp-content\/uploads\/2024\/09\/skyline-2.png');\"><\/div><\/li><li class=\"layer\" data-depth=\".2\"><div style=\"background-image:url('https:\/\/bubblebaby.test.sizzlecreative.co.uk\/wp-content\/uploads\/2024\/09\/cloud3-1.png');\"><\/div><\/li><li class=\"layer\" data-depth=\".2\"><div style=\"background-image:url('https:\/\/bubblebaby.test.sizzlecreative.co.uk\/wp-content\/uploads\/2024\/09\/grass-1.png');\"><\/div><\/li><li class=\"layer\" data-depth=\".7\"><div style=\"background-image:url('https:\/\/bubblebaby.test.sizzlecreative.co.uk\/wp-content\/uploads\/2024\/09\/flower3-copy-1.png');\"><\/div><\/li><\/ul><div class=\"row_col_wrap_12 col span_12 dark left\">\n\t<div style=\"margin-top: 50px; margin-bottom: 100px; \" class=\"vc_col-sm-12 wpb_column column_container vc_column_container col centered-text has-animation padding-4-percent top_margin_phone_0px inherit_tablet inherit_phone\"  data-border-radius=\"20px\" data-overlay-color=\"true\" data-padding-pos=\"all\" data-has-bg-color=\"false\" data-bg-color=\"\" data-bg-opacity=\"1\" data-animation=\"fade-in\" data-delay=\"0\" >\n\t\t<div class=\"vc_column-inner\" ><div class=\"column-bg-overlay-wrap column-bg-layer\" data-bg-animation=\"none\"><div class=\"column-bg-overlay\"><\/div><div class=\"column-overlay-layer\" style=\"\"><\/div><\/div>\n\t\t\t<div class=\"wpb_wrapper\">\n\t\t\t\t<div id=\"fws_69dc377a00da0\" data-midnight=\"\" data-column-margin=\"default\" class=\"wpb_row vc_row-fluid vc_row inner_row\"  style=\"\"><div class=\"row-bg-wrap\"> <div class=\"row-bg\" ><\/div> <\/div><div class=\"row_col_wrap_12_inner col span_12  left\">\n\t<div style=\"margin-top: 50px; \" class=\"vc_col-sm-12 wpb_column column_container vc_column_container col child_column has-animation no-extra-padding inherit_tablet inherit_phone\"   data-padding-pos=\"all\" data-has-bg-color=\"false\" data-bg-color=\"\" data-bg-opacity=\"1\" data-animation=\"fade-in-from-bottom\" data-delay=\"300\" >\n\t\t<div class=\"vc_column-inner\" >\n\t\t<div class=\"wpb_wrapper\">\n\t\t\t<div class=\"nectar-highlighted-text font_size_3vw font_size_tablet_4vw font_size_phone_5vw font_line_height_1-4\" data-style=\"text_outline\" data-outline-thickness=\"thin\" data-id=\"circle-highlight2\" data-user-color=\"true\" style=\"color: #652b81;\" data-using-custom-color=\"false\" data-animation-delay=\"false\" data-color=\"\" data-color-gradient=\"\"><h1><span style=\"color: #000000\"><em>Dodaj w\u0142asne <\/em><\/span><span style=\"color: #1696a1\">plusk<\/span> <span style=\"color: #e85295\">z<\/span> Kolor<em><br \/>\n<span style=\"color: #000000\">do Bubbletown<\/span><\/em><\/h1>\n<\/div>\n\t\t<\/div> \n\t<\/div>\n\t<\/div> \n<\/div><\/div><div class=\"divider-wrap\" data-alignment=\"default\"><div  class=\"divider\"><\/div><\/div><div id=\"fws_69dc377a01cc6\" data-midnight=\"\" data-column-margin=\"default\" class=\"wpb_row vc_row-fluid vc_row inner_row\"  style=\"\"><div class=\"row-bg-wrap\"> <div class=\"row-bg\" ><\/div> <\/div><div class=\"row_col_wrap_12_inner col span_12  left\">\n\t<div  class=\"vc_col-sm-2 wpb_column column_container vc_column_container col child_column has-animation no-extra-padding inherit_tablet inherit_phone\"   data-padding-pos=\"all\" data-has-bg-color=\"false\" data-bg-color=\"\" data-bg-opacity=\"1\" data-animation=\"fade-in-from-bottom\" data-delay=\"600\" >\n\t\t<div class=\"vc_column-inner\" >\n\t\t<div class=\"wpb_wrapper\">\n\t\t\t\n\t\t<\/div> \n\t<\/div>\n\t<\/div> \n\n\t<div  class=\"vc_col-sm-8 wpb_column column_container vc_column_container col child_column no-extra-padding inherit_tablet inherit_phone\"   data-padding-pos=\"all\" data-has-bg-color=\"false\" data-bg-color=\"\" data-bg-opacity=\"1\" data-animation=\"\" data-delay=\"0\" >\n\t\t<div class=\"vc_column-inner\" >\n\t\t<div class=\"wpb_wrapper\">\n\t\t\t<div class=\"nectar-split-heading\" data-align=\"default\" data-m-align=\"inherit\" data-text-effect=\"none\" data-animation-type=\"line-reveal-by-space\" data-animation-delay=\"200\" data-animation-offset=\"\" data-m-rm-animation=\"\" data-stagger=\"true\" data-custom-font-size=\"false\" ><p >Przygotuj si\u0119 na o\u017cywienie magicznego \u015bwiata Bubbletown dzi\u0119ki naszym arkuszom do kolorowania do pobrania! Teraz mo\u017cesz doda\u0107 sw\u00f3j w\u0142asny kolor do Charlie Cherry, Billy Berry, Isla Ice, Lucy Lemon, Maddy Mint, Olly Ocean, a nawet psotnego Bubble-Bum Boba. Niezale\u017cnie od tego, czy chcesz, aby ba\u0144ki b\u0142yszcza\u0142y, czy nada\u0107 B\u0105belkowej Brygadzie w\u0142asny, niepowtarzalny styl, wyb\u00f3r nale\u017cy do Ciebie!<\/p>\n<p>Pobierz swoje ulubione postacie, chwy\u0107 kredki i daj si\u0119 ponie\u015b\u0107 kreatywno\u015bci, wype\u0142niaj\u0105c Bubbletown \u017cywymi kolorami. Wystarczy klikn\u0105\u0107 poni\u017cej, aby rozpocz\u0105\u0107 przygod\u0119 z kolorowaniem!<\/p><\/div>\n\t\t<\/div> \n\t<\/div>\n\t<\/div> \n\n\t<div  class=\"vc_col-sm-2 wpb_column column_container vc_column_container col child_column no-extra-padding inherit_tablet inherit_phone\"   data-padding-pos=\"all\" data-has-bg-color=\"false\" data-bg-color=\"\" data-bg-opacity=\"1\" data-animation=\"\" data-delay=\"0\" >\n\t\t<div class=\"vc_column-inner\" >\n\t\t<div class=\"wpb_wrapper\">\n\t\t\t\n\t\t<\/div> \n\t<\/div>\n\t<\/div> \n<\/div><\/div><div class=\"divider-wrap\" data-alignment=\"default\"><div  class=\"divider\"><\/div><\/div><div id=\"fws_69dc377a0302c\" data-midnight=\"\" data-column-margin=\"default\" class=\"wpb_row vc_row-fluid vc_row inner_row vc_row-o-equal-height vc_row-flex vc_row-o-content-middle\"  style=\"\"><div class=\"row-bg-wrap\"> <div class=\"row-bg\" ><\/div> <\/div><div class=\"row_col_wrap_12_inner col span_12  left\">\n\t<div  class=\"vc_col-sm-4 wpb_column column_container vc_column_container col child_column has-animation no-extra-padding inherit_tablet inherit_phone\"   data-padding-pos=\"all\" data-has-bg-color=\"false\" data-bg-color=\"\" data-bg-opacity=\"1\" data-animation=\"fade-in-from-bottom\" data-delay=\"0\" >\n\t\t<div class=\"vc_column-inner\" >\n\t\t<div class=\"wpb_wrapper\">\n\t\t\t<div class=\"img-with-aniamtion-wrap\" data-max-width=\"100%\" data-max-width-mobile=\"default\" data-border-radius=\"15px\" data-shadow=\"small_depth\" data-animation=\"none\" >\n      <div class=\"inner\">\n        <div class=\"hover-wrap\" data-hover-animation=\"zoom\"> \n          <div class=\"hover-wrap-inner\">\n            <a href=\"\/wp-content\/uploads\/2025\/02\/Bubble-Baby-Bubbletown-Colouring-In-1-POLISH.pdf\" target=\"_self\" class=\"pp nectar_video_lightbox\">\n              <img loading=\"lazy\" decoding=\"async\" class=\"img-with-animation skip-lazy\" data-delay=\"0\" height=\"100\" width=\"100\" data-animation=\"none\" src=\"\/wp-content\/uploads\/2025\/02\/Bubble-Baby-Bubbletown-Colouring-In-1_Poland-scaled.jpg\" alt=\"\"  \/>\n            <\/a>\n          <\/div>\n        <\/div>\n      <\/div>\n      <\/div>\n\t\t<\/div> \n\t<\/div>\n\t<\/div> \n\n\t<div  class=\"vc_col-sm-4 wpb_column column_container vc_column_container col child_column has-animation no-extra-padding inherit_tablet inherit_phone\"   data-padding-pos=\"all\" data-has-bg-color=\"false\" data-bg-color=\"\" data-bg-opacity=\"1\" data-animation=\"fade-in-from-bottom\" data-delay=\"200\" >\n\t\t<div class=\"vc_column-inner\" >\n\t\t<div class=\"wpb_wrapper\">\n\t\t\t<div class=\"img-with-aniamtion-wrap\" data-max-width=\"100%\" data-max-width-mobile=\"default\" data-border-radius=\"15px\" data-shadow=\"small_depth\" data-animation=\"none\" >\n      <div class=\"inner\">\n        <div class=\"hover-wrap\" data-hover-animation=\"zoom\"> \n          <div class=\"hover-wrap-inner\">\n            <a href=\"\/wp-content\/uploads\/2025\/02\/Bubble-Baby-Bubbletown-Colouring-In-2-POLISH-1.pdf\" target=\"_self\" class=\"pp nectar_video_lightbox\">\n              <img loading=\"lazy\" decoding=\"async\" class=\"img-with-animation skip-lazy\" data-delay=\"0\" height=\"100\" width=\"100\" data-animation=\"none\" src=\"\/wp-content\/uploads\/2025\/02\/Bubble-Baby-Bubbletown-Colouring-In-2_Poland-1-scaled.jpg\" alt=\"\"  \/>\n            <\/a>\n          <\/div>\n        <\/div>\n      <\/div>\n      <\/div>\n\t\t<\/div> \n\t<\/div>\n\t<\/div> \n\n\t<div  class=\"vc_col-sm-4 wpb_column column_container vc_column_container col child_column has-animation no-extra-padding inherit_tablet inherit_phone\"   data-padding-pos=\"all\" data-has-bg-color=\"false\" data-bg-color=\"\" data-bg-opacity=\"1\" data-animation=\"fade-in-from-bottom\" data-delay=\"400\" >\n\t\t<div class=\"vc_column-inner\" >\n\t\t<div class=\"wpb_wrapper\">\n\t\t\t<div class=\"img-with-aniamtion-wrap\" data-max-width=\"100%\" data-max-width-mobile=\"default\" data-border-radius=\"15px\" data-shadow=\"small_depth\" data-animation=\"none\" >\n      <div class=\"inner\">\n        <div class=\"hover-wrap\" data-hover-animation=\"zoom\"> \n          <div class=\"hover-wrap-inner\">\n            <a href=\"\/wp-content\/uploads\/2025\/02\/Bubble-Baby-Bubbletown-Colouring-In-3-POLISH.pdf\" target=\"_self\" class=\"pp nectar_video_lightbox\">\n              <img loading=\"lazy\" decoding=\"async\" class=\"img-with-animation skip-lazy\" data-delay=\"0\" height=\"100\" width=\"100\" data-animation=\"none\" src=\"https:\/\/bubblebaby.test.sizzlecreative.co.uk\/wp-content\/uploads\/2025\/02\/Bubble-Baby-Bubbletown-Colouring-In-3_Poland-scaled.jpg\" alt=\"\"  \/>\n            <\/a>\n          <\/div>\n        <\/div>\n      <\/div>\n      <\/div>\n\t\t<\/div> \n\t<\/div>\n\t<\/div> \n<\/div><\/div><div class=\"divider-wrap\" data-alignment=\"default\"><div  class=\"divider\"><\/div><\/div><div id=\"fws_69dc377a0533f\" data-midnight=\"\" data-column-margin=\"default\" class=\"wpb_row vc_row-fluid vc_row inner_row vc_row-o-equal-height vc_row-flex vc_row-o-content-middle\"  style=\"\"><div class=\"row-bg-wrap\"> <div class=\"row-bg\" ><\/div> <\/div><div class=\"row_col_wrap_12_inner col span_12  left\">\n\t<div  class=\"vc_col-sm-4 wpb_column column_container vc_column_container col child_column has-animation no-extra-padding inherit_tablet inherit_phone\"   data-padding-pos=\"all\" data-has-bg-color=\"false\" data-bg-color=\"\" data-bg-opacity=\"1\" data-animation=\"fade-in-from-bottom\" data-delay=\"0\" >\n\t\t<div class=\"vc_column-inner\" >\n\t\t<div class=\"wpb_wrapper\">\n\t\t\t<div class=\"img-with-aniamtion-wrap\" data-max-width=\"100%\" data-max-width-mobile=\"default\" data-border-radius=\"15px\" data-shadow=\"small_depth\" data-animation=\"none\" >\n      <div class=\"inner\">\n        <div class=\"hover-wrap\" data-hover-animation=\"zoom\"> \n          <div class=\"hover-wrap-inner\">\n            <a href=\"\/wp-content\/uploads\/2025\/02\/Bubble-Baby-Landscape-Colouring-In-1.pdf\" target=\"_self\" class=\"pp nectar_video_lightbox\">\n              <img loading=\"lazy\" decoding=\"async\" class=\"img-with-animation skip-lazy\" data-delay=\"0\" height=\"100\" width=\"100\" data-animation=\"none\" src=\"\/wp-content\/uploads\/2025\/02\/Bubble-Baby-Landscape-Colouring-In-1-scaled.jpg\" alt=\"\"  \/>\n            <\/a>\n          <\/div>\n        <\/div>\n      <\/div>\n      <\/div>\n\t\t<\/div> \n\t<\/div>\n\t<\/div> \n\n\t<div  class=\"vc_col-sm-4 wpb_column column_container vc_column_container col child_column has-animation no-extra-padding inherit_tablet inherit_phone\"   data-padding-pos=\"all\" data-has-bg-color=\"false\" data-bg-color=\"\" data-bg-opacity=\"1\" data-animation=\"fade-in-from-bottom\" data-delay=\"200\" >\n\t\t<div class=\"vc_column-inner\" >\n\t\t<div class=\"wpb_wrapper\">\n\t\t\t<div class=\"img-with-aniamtion-wrap\" data-max-width=\"100%\" data-max-width-mobile=\"default\" data-border-radius=\"15px\" data-shadow=\"small_depth\" data-animation=\"none\" >\n      <div class=\"inner\">\n        <div class=\"hover-wrap\" data-hover-animation=\"zoom\"> \n          <div class=\"hover-wrap-inner\">\n            <a href=\"\/wp-content\/uploads\/2025\/02\/Bubble-Baby-Landscape-Colouring-In-3.pdf\" target=\"_self\" class=\"pp nectar_video_lightbox\">\n              <img loading=\"lazy\" decoding=\"async\" class=\"img-with-animation skip-lazy\" data-delay=\"0\" height=\"100\" width=\"100\" data-animation=\"none\" src=\"https:\/\/bubblebaby.test.sizzlecreative.co.uk\/wp-content\/uploads\/2025\/02\/Bubble-Baby-Landscape-Colouring-In-3-scaled.jpg\" alt=\"\"  \/>\n            <\/a>\n          <\/div>\n        <\/div>\n      <\/div>\n      <\/div>\n\t\t<\/div> \n\t<\/div>\n\t<\/div> \n\n\t<div  class=\"vc_col-sm-4 wpb_column column_container vc_column_container col child_column has-animation no-extra-padding inherit_tablet inherit_phone\"   data-padding-pos=\"all\" data-has-bg-color=\"false\" data-bg-color=\"\" data-bg-opacity=\"1\" data-animation=\"fade-in-from-bottom\" data-delay=\"400\" >\n\t\t<div class=\"vc_column-inner\" >\n\t\t<div class=\"wpb_wrapper\">\n\t\t\t<div class=\"img-with-aniamtion-wrap\" data-max-width=\"100%\" data-max-width-mobile=\"default\" data-border-radius=\"15px\" data-shadow=\"small_depth\" data-animation=\"none\" >\n      <div class=\"inner\">\n        <div class=\"hover-wrap\" data-hover-animation=\"zoom\"> \n          <div class=\"hover-wrap-inner\">\n            <a href=\"\/wp-content\/uploads\/2025\/02\/Bubble-Baby-Landscape-Colouring-In-2.pdf\" target=\"_self\" class=\"pp nectar_video_lightbox\">\n              <img loading=\"lazy\" decoding=\"async\" class=\"img-with-animation skip-lazy\" data-delay=\"0\" height=\"100\" width=\"100\" data-animation=\"none\" src=\"\/wp-content\/uploads\/2025\/02\/Bubble-Baby-Landscape-Colouring-In-2-scaled.jpg\" alt=\"\"  \/>\n            <\/a>\n          <\/div>\n        <\/div>\n      <\/div>\n      <\/div>\n\t\t<\/div> \n\t<\/div>\n\t<\/div> \n<\/div><\/div><div class=\"divider-wrap\" data-alignment=\"default\"><div  class=\"divider\"><\/div><\/div><div id=\"fws_69dc377a075ec\" data-midnight=\"\" data-column-margin=\"default\" class=\"wpb_row vc_row-fluid vc_row inner_row vc_row-o-equal-height vc_row-flex vc_row-o-content-middle\"  style=\"\"><div class=\"row-bg-wrap\"> <div class=\"row-bg\" ><\/div> <\/div><div class=\"row_col_wrap_12_inner col span_12  left\">\n\t<div  class=\"vc_col-sm-1\/5 wpb_column column_container vc_column_container col child_column has-animation no-extra-padding inherit_tablet inherit_phone\"   data-padding-pos=\"all\" data-has-bg-color=\"false\" data-bg-color=\"\" data-bg-opacity=\"1\" data-animation=\"fade-in-from-bottom\" data-delay=\"600\" >\n\t\t<div class=\"vc_column-inner\" >\n\t\t<div class=\"wpb_wrapper\">\n\t\t\t\n\t\t<\/div> \n\t<\/div>\n\t<\/div> \n\n\t<div  class=\"vc_col-sm-1\/5 wpb_column column_container vc_column_container col child_column has-animation no-extra-padding inherit_tablet inherit_phone\"   data-padding-pos=\"all\" data-has-bg-color=\"false\" data-bg-color=\"\" data-bg-opacity=\"1\" data-animation=\"fade-in-from-bottom\" data-delay=\"400\" >\n\t\t<div class=\"vc_column-inner\" >\n\t\t<div class=\"wpb_wrapper\">\n\t\t\t<div class=\"img-with-aniamtion-wrap\" data-max-width=\"100%\" data-max-width-mobile=\"default\" data-border-radius=\"15px\" data-shadow=\"small_depth\" data-animation=\"none\" >\n      <div class=\"inner\">\n        <div class=\"hover-wrap\" data-hover-animation=\"zoom\"> \n          <div class=\"hover-wrap-inner\">\n            <a href=\"\/wp-content\/uploads\/2024\/09\/Bubble-Baby-Character-Colouring-In-2.pdf\" target=\"_self\" class=\"pp nectar_video_lightbox\">\n              <img loading=\"lazy\" decoding=\"async\" class=\"img-with-animation skip-lazy\" data-delay=\"0\" height=\"842\" width=\"595\" data-animation=\"none\" src=\"https:\/\/bubblebaby.test.sizzlecreative.co.uk\/wp-content\/uploads\/2024\/09\/Bubble-Baby-Character-Colouring-In-2.jpg\" alt=\"Bubble Baby Character Colouring In 2\" srcset=\"https:\/\/bubblebaby.test.sizzlecreative.co.uk\/wp-content\/uploads\/2024\/09\/Bubble-Baby-Character-Colouring-In-2.jpg 595w, https:\/\/bubblebaby.test.sizzlecreative.co.uk\/wp-content\/uploads\/2024\/09\/Bubble-Baby-Character-Colouring-In-2-212x300.jpg 212w\" sizes=\"auto, (max-width: 595px) 100vw, 595px\" \/>\n            <\/a>\n          <\/div>\n        <\/div>\n      <\/div>\n      <\/div>\n\t\t<\/div> \n\t<\/div>\n\t<\/div> \n\n\t<div  class=\"vc_col-sm-1\/5 wpb_column column_container vc_column_container col child_column has-animation no-extra-padding inherit_tablet inherit_phone\"   data-padding-pos=\"all\" data-has-bg-color=\"false\" data-bg-color=\"\" data-bg-opacity=\"1\" data-animation=\"fade-in-from-bottom\" data-delay=\"800\" >\n\t\t<div class=\"vc_column-inner\" >\n\t\t<div class=\"wpb_wrapper\">\n\t\t\t<div class=\"img-with-aniamtion-wrap center\" data-max-width=\"100%\" data-max-width-mobile=\"default\" data-border-radius=\"15px\" data-shadow=\"small_depth\" data-animation=\"none\" >\n      <div class=\"inner\">\n        <div class=\"hover-wrap\" data-hover-animation=\"zoom\"> \n          <div class=\"hover-wrap-inner\">\n            <a href=\"\/wp-content\/uploads\/2024\/09\/Bubble-Baby-Character-Colouring-In-1.pdf\" target=\"_self\" class=\"center pp nectar_video_lightbox\">\n              <img loading=\"lazy\" decoding=\"async\" class=\"img-with-animation skip-lazy\" data-delay=\"0\" height=\"842\" width=\"595\" data-animation=\"none\" src=\"https:\/\/bubblebaby.test.sizzlecreative.co.uk\/wp-content\/uploads\/2024\/09\/Bubble-Baby-Character-Colouring-In-1.jpg\" alt=\"Bubble Baby Character Colouring In 1\" srcset=\"https:\/\/bubblebaby.test.sizzlecreative.co.uk\/wp-content\/uploads\/2024\/09\/Bubble-Baby-Character-Colouring-In-1.jpg 595w, https:\/\/bubblebaby.test.sizzlecreative.co.uk\/wp-content\/uploads\/2024\/09\/Bubble-Baby-Character-Colouring-In-1-212x300.jpg 212w\" sizes=\"auto, (max-width: 595px) 100vw, 595px\" \/>\n            <\/a>\n          <\/div>\n        <\/div>\n      <\/div>\n      <\/div>\n\t\t<\/div> \n\t<\/div>\n\t<\/div> \n\n\t<div  class=\"vc_col-sm-1\/5 wpb_column column_container vc_column_container col child_column has-animation no-extra-padding inherit_tablet inherit_phone\"   data-padding-pos=\"all\" data-has-bg-color=\"false\" data-bg-color=\"\" data-bg-opacity=\"1\" data-animation=\"fade-in-from-bottom\" data-delay=\"1200\" >\n\t\t<div class=\"vc_column-inner\" >\n\t\t<div class=\"wpb_wrapper\">\n\t\t\t<div class=\"img-with-aniamtion-wrap center\" data-max-width=\"100%\" data-max-width-mobile=\"default\" data-border-radius=\"15px\" data-shadow=\"small_depth\" data-animation=\"none\" >\n      <div class=\"inner\">\n        <div class=\"hover-wrap\" data-hover-animation=\"zoom\"> \n          <div class=\"hover-wrap-inner\">\n            <a href=\"\/wp-content\/uploads\/2025\/02\/Bubble-Baby-Character-Colouring-In-3.pdf\" target=\"_self\" class=\"center pp nectar_video_lightbox\">\n              <img loading=\"lazy\" decoding=\"async\" class=\"img-with-animation skip-lazy\" data-delay=\"0\" height=\"100\" width=\"100\" data-animation=\"none\" src=\"https:\/\/bubblebaby.test.sizzlecreative.co.uk\/wp-content\/uploads\/2025\/02\/Bubble-Baby-Character-Colouring-In-3-pdf.jpg\" alt=\"\"  \/>\n            <\/a>\n          <\/div>\n        <\/div>\n      <\/div>\n      <\/div>\n\t\t<\/div> \n\t<\/div>\n\t<\/div> \n\n\t<div  class=\"vc_col-sm-1\/5 wpb_column column_container vc_column_container col child_column no-extra-padding inherit_tablet inherit_phone\"   data-padding-pos=\"all\" data-has-bg-color=\"false\" data-bg-color=\"\" data-bg-opacity=\"1\" data-animation=\"\" data-delay=\"0\" >\n\t\t<div class=\"vc_column-inner\" >\n\t\t<div class=\"wpb_wrapper\">\n\t\t\t\n\t\t<\/div> \n\t<\/div>\n\t<\/div> \n<\/div><\/div><div class=\"divider-wrap\" data-alignment=\"default\"><div  class=\"divider\"><\/div><\/div><div id=\"fws_69dc377a09fae\" data-midnight=\"\" data-column-margin=\"default\" class=\"wpb_row vc_row-fluid vc_row inner_row\"  style=\"\"><div class=\"row-bg-wrap\"> <div class=\"row-bg\" ><\/div> <\/div><div class=\"row_col_wrap_12_inner col span_12  left\">\n\t<div  class=\"vc_col-sm-12 wpb_column column_container vc_column_container col child_column has-animation no-extra-padding inherit_tablet inherit_phone\"   data-padding-pos=\"all\" data-has-bg-color=\"false\" data-bg-color=\"\" data-bg-opacity=\"1\" data-animation=\"grow-in\" data-delay=\"500\" data-animation-easing=\"easeInOutQuart\" >\n\t\t<div class=\"vc_column-inner\" >\n\t\t<div class=\"wpb_wrapper\">\n\t\t\t<a class=\"nectar-button jumbo regular accent-color  regular-button\"  role=\"button\" style=\"\"  href=\"\/pl\/stories\/\" data-color-override=\"false\" data-hover-color-override=\"false\" data-hover-text-color-override=\"#fff\"><span>KOCHASZ TO? PRZECZYTAJ NASZE HISTORIE<\/span><\/a><div class=\"divider-wrap\" data-alignment=\"default\"><div  class=\"divider\"><\/div><\/div>\n\t\t<\/div> \n\t<\/div>\n\t<\/div> \n<\/div><\/div><div id=\"fws_69dc377a0ab4a\" data-midnight=\"\" data-column-margin=\"default\" class=\"wpb_row vc_row-fluid vc_row inner_row\"  style=\"\"><div class=\"row-bg-wrap\"> <div class=\"row-bg\" ><\/div> <\/div><div class=\"row_col_wrap_12_inner col span_12  left\">\n\t<div  class=\"vc_col-sm-3 wpb_column column_container vc_column_container col child_column no-extra-padding inherit_tablet inherit_phone\"   data-padding-pos=\"all\" data-has-bg-color=\"false\" data-bg-color=\"\" data-bg-opacity=\"1\" data-animation=\"\" data-delay=\"0\" >\n\t\t<div class=\"vc_column-inner\" >\n\t\t<div class=\"wpb_wrapper\">\n\t\t\t\n\t\t<\/div> \n\t<\/div>\n\t<\/div> \n\n\t<div  class=\"vc_col-sm-6 wpb_column column_container vc_column_container col child_column no-extra-padding inherit_tablet inherit_phone\"   data-padding-pos=\"all\" data-has-bg-color=\"false\" data-bg-color=\"\" data-bg-opacity=\"1\" data-animation=\"\" data-delay=\"0\" >\n\t\t<div class=\"vc_column-inner\" >\n\t\t<div class=\"wpb_wrapper\">\n\t\t\t<div class=\"nectar-split-heading\" data-align=\"default\" data-m-align=\"inherit\" data-text-effect=\"none\" data-animation-type=\"line-reveal-by-space\" data-animation-delay=\"0\" data-animation-offset=\"\" data-m-rm-animation=\"\" data-stagger=\"true\" data-custom-font-size=\"false\" ><p >Dobrze si\u0119 bawisz z naszymi arkuszami do kolorowania? Zr\u00f3b sobie przerw\u0119 i zanurz si\u0119 w ekscytuj\u0105cych przygodach B\u0105belkowej Brygady! Kliknij powy\u017cej, aby przeczyta\u0107 ich historie i odkry\u0107 wi\u0119cej b\u0105belkowej zabawy w Bubbletown!<\/p><\/div>\n\t\t<\/div> \n\t<\/div>\n\t<\/div> \n\n\t<div  class=\"vc_col-sm-3 wpb_column column_container vc_column_container col child_column no-extra-padding inherit_tablet inherit_phone\"   data-padding-pos=\"all\" data-has-bg-color=\"false\" data-bg-color=\"\" data-bg-opacity=\"1\" data-animation=\"\" data-delay=\"0\" >\n\t\t<div class=\"vc_column-inner\" >\n\t\t<div class=\"wpb_wrapper\">\n\t\t\t\n\t\t<\/div> \n\t<\/div>\n\t<\/div> \n<\/div><\/div>\n\t\t\t<\/div> \n\t\t<\/div>\n\t<\/div> \n<\/div><\/div>","protected":false},"excerpt":{"rendered":"Add your own splash of Colour to Bubbletown Get ready to bring the magical world of Bubbletown to life with our downloadable colouring-in sheets! Now you can add your own...","protected":false},"author":1,"featured_media":0,"parent":0,"menu_order":4,"comment_status":"closed","ping_status":"closed","template":"","meta":{"inline_featured_image":false,"footnotes":""},"class_list":["post-27","page","type-page","status-publish"],"_links":{"self":[{"href":"https:\/\/bubblebaby.test.sizzlecreative.co.uk\/pl\/wp-json\/wp\/v2\/pages\/27","targetHints":{"allow":["GET"]}}],"collection":[{"href":"https:\/\/bubblebaby.test.sizzlecreative.co.uk\/pl\/wp-json\/wp\/v2\/pages"}],"about":[{"href":"https:\/\/bubblebaby.test.sizzlecreative.co.uk\/pl\/wp-json\/wp\/v2\/types\/page"}],"author":[{"embeddable":true,"href":"https:\/\/bubblebaby.test.sizzlecreative.co.uk\/pl\/wp-json\/wp\/v2\/users\/1"}],"replies":[{"embeddable":true,"href":"https:\/\/bubblebaby.test.sizzlecreative.co.uk\/pl\/wp-json\/wp\/v2\/comments?post=27"}],"version-history":[{"count":70,"href":"https:\/\/bubblebaby.test.sizzlecreative.co.uk\/pl\/wp-json\/wp\/v2\/pages\/27\/revisions"}],"predecessor-version":[{"id":1659,"href":"https:\/\/bubblebaby.test.sizzlecreative.co.uk\/pl\/wp-json\/wp\/v2\/pages\/27\/revisions\/1659"}],"wp:attachment":[{"href":"https:\/\/bubblebaby.test.sizzlecreative.co.uk\/pl\/wp-json\/wp\/v2\/media?parent=27"}],"curies":[{"name":"wp","href":"https:\/\/api.w.org\/{rel}","templated":true}]}}