{"id":895,"date":"2024-10-08T14:15:21","date_gmt":"2024-10-08T13:15:21","guid":{"rendered":"https:\/\/bubblebaby.co.uk\/?page_id=895"},"modified":"2025-01-02T13:00:43","modified_gmt":"2025-01-02T13:00:43","slug":"olly-ocean","status":"publish","type":"page","link":"https:\/\/bubblebaby.test.sizzlecreative.co.uk\/fr\/characters\/olly-ocean\/","title":{"rendered":"Olly Ocean"},"content":{"rendered":"<div id=\"fws_69dc2381682f5\"  data-column-margin=\"50px\" data-midnight=\"dark\"  class=\"wpb_row vc_row-fluid vc_row full-width-section vc_row-o-equal-height vc_row-flex vc_row-o-content-bottom  reverse_columns_column_tablet reverse_columns_column_phone top_padding_tablet_100px top_padding_phone_50px\"  style=\"padding-top: 100px; padding-bottom: 100px; \"><div class=\"row-bg-wrap\" data-bg-animation=\"none\" data-bg-animation-delay=\"\" data-bg-overlay=\"false\"><div class=\"inner-wrap row-bg-layer\" ><div class=\"row-bg viewport-desktop\"  style=\"\"><\/div><\/div><\/div><ul class=\"nectar-parallax-scene row-bg-layer\" data-scene-position=\"bottom\" data-scene-strength=\"2\"><li class=\"layer\" data-depth=\"0.00\"><\/li><li class=\"layer\" data-depth=\"0\"><div style=\"background-image:url('https:\/\/bubblebaby.test.sizzlecreative.co.uk\/wp-content\/uploads\/2024\/09\/sky-1.png');\"><\/div><\/li><li class=\"layer\" data-depth=\".1\"><div style=\"background-image:url('https:\/\/bubblebaby.test.sizzlecreative.co.uk\/wp-content\/uploads\/2024\/09\/skyline-2.png');\"><\/div><\/li><li class=\"layer\" data-depth=\".2\"><div style=\"background-image:url('https:\/\/bubblebaby.test.sizzlecreative.co.uk\/wp-content\/uploads\/2024\/09\/bktrees-1flip-1.png');\"><\/div><\/li><li class=\"layer\" data-depth=\".80\"><div style=\"background-image:url('https:\/\/bubblebaby.test.sizzlecreative.co.uk\/wp-content\/uploads\/2024\/09\/grass-1.png');\"><\/div><\/li><li class=\"layer\" data-depth=\"1.00\"><div style=\"background-image:url('https:\/\/bubblebaby.test.sizzlecreative.co.uk\/wp-content\/uploads\/2024\/09\/foreground-bush-1.png');\"><\/div><\/li><\/ul><div class=\"row_col_wrap_12 col span_12 dark left\">\n\t<div  class=\"vc_col-sm-2\/5 vc_col-xs-12 wpb_column column_container vc_column_container col has-animation no-extra-padding inherit_tablet inherit_phone\"  data-padding-pos=\"all\" data-has-bg-color=\"false\" data-bg-color=\"\" data-bg-opacity=\"1\" data-animation=\"grow-in\" data-delay=\"0\" data-animation-easing=\"easeInOutCirc\" >\n\t\t<div class=\"vc_column-inner\" >\n\t\t\t<div class=\"wpb_wrapper\">\n\t\t\t\t<div class=\"img-with-aniamtion-wrap\" data-max-width=\"100%\" data-max-width-mobile=\"default\" data-shadow=\"none\" data-animation=\"none\" >\n      <div class=\"inner\">\n        <div class=\"hover-wrap\"> \n          <div class=\"hover-wrap-inner\">\n            <img loading=\"lazy\" decoding=\"async\" class=\"img-with-animation skip-lazy\" data-delay=\"0\" height=\"800\" width=\"800\" data-animation=\"none\" src=\"\/wp-content\/uploads\/2025\/02\/Olly-Ocean-Alt.webp\" alt=\"\"  \/>\n          <\/div>\n        <\/div>\n      <\/div>\n    <\/div><div class=\"divider-wrap\" data-alignment=\"default\"><div style=\"height: 80px;\" class=\"divider\"><\/div><\/div>\n\t\t\t<\/div> \n\t\t<\/div>\n\t<\/div> \n\n\t<div style=\"margin-top: 50px; margin-bottom: 100px; \" class=\"vc_col-sm-3\/5 wpb_column column_container vc_column_container col centered-text has-animation padding-4-percent top_margin_phone_0px inherit_tablet inherit_phone backdrop_filter_blur backdrop_blur_20\" data-using-bg=\"true\" data-border-radius=\"20px\" data-overlay-color=\"true\" data-padding-pos=\"all\" data-has-bg-color=\"true\" data-bg-color=\"#ffffff\" data-bg-opacity=\"0.5\" data-animation=\"fade-in\" data-delay=\"0\" >\n\t\t<div class=\"vc_column-inner\" ><div class=\"column-bg-overlay-wrap column-bg-layer\" data-bg-animation=\"none\"><div class=\"column-bg-overlay\" style=\"opacity: 0.5; background-color: #ffffff;\"><\/div><div class=\"column-overlay-layer\" style=\"background:linear-gradient(0deg, rgba(75,255,98,0.292) 0%, rgb(255,255,255) 67%);\"><\/div><\/div>\n\t\t\t<div class=\"wpb_wrapper\">\n\t\t\t\t<div id=\"fws_69dc23816d3fa\" data-midnight=\"\" data-column-margin=\"default\" class=\"wpb_row vc_row-fluid vc_row inner_row\"  style=\"\"><div class=\"row-bg-wrap\"> <div class=\"row-bg\" ><\/div> <\/div><div class=\"row_col_wrap_12_inner col span_12  left\">\n\t<div style=\"margin-top: 50px; \" class=\"vc_col-sm-12 wpb_column column_container vc_column_container col child_column has-animation no-extra-padding inherit_tablet inherit_phone\"   data-padding-pos=\"all\" data-has-bg-color=\"false\" data-bg-color=\"\" data-bg-opacity=\"1\" data-animation=\"fade-in-from-bottom\" data-delay=\"300\" >\n\t\t<div class=\"vc_column-inner\" >\n\t\t<div class=\"wpb_wrapper\">\n\t\t\t\n<div class=\"wpb_text_column wpb_content_element\" >\n\t<div class=\"wpb_wrapper\">\n\t\t<h1>Bonjour, je suis Olly Ocean<\/h1>\n\t<\/div>\n<\/div>\n\n\n\n\n\t\t<\/div> \n\t<\/div>\n\t<\/div> \n<\/div><\/div><div class=\"divider-wrap\" data-alignment=\"default\"><div  class=\"divider\"><\/div><\/div><div id=\"fws_69dc23816e6ef\" data-midnight=\"\" data-column-margin=\"default\" class=\"wpb_row vc_row-fluid vc_row inner_row\"  style=\"\"><div class=\"row-bg-wrap\"> <div class=\"row-bg\" ><\/div> <\/div><div class=\"row_col_wrap_12_inner col span_12  left\">\n\t<div  class=\"vc_col-sm-12 wpb_column column_container vc_column_container col child_column has-animation no-extra-padding inherit_tablet inherit_phone\"   data-padding-pos=\"all\" data-has-bg-color=\"false\" data-bg-color=\"\" data-bg-opacity=\"1\" data-animation=\"fade-in-from-bottom\" data-delay=\"600\" >\n\t\t<div class=\"vc_column-inner\" >\n\t\t<div class=\"wpb_wrapper\">\n\t\t\t<div class=\"nectar-split-heading\" data-align=\"default\" data-m-align=\"inherit\" data-text-effect=\"none\" data-animation-type=\"line-reveal-by-space\" data-animation-delay=\"200\" data-animation-offset=\"\" data-m-rm-animation=\"\" data-stagger=\"true\" data-custom-font-size=\"false\" ><p >Voici Olly Ocean, l'amoureux de la plage par excellence ! Pour Olly, il n'y a rien de mieux que la brise marine, la chaleur du soleil et le sable doux entre ses orteils. Qu'il surfe sur les vagues ou qu'il s'impr\u00e8gne simplement de la s\u00e9r\u00e9nit\u00e9 du rivage, Olly vit pour la vie \u00e0 la plage. Le surf est sa passion, et il est toujours \u00e0 la recherche de la vague parfaite, laissant l'oc\u00e9an guider son esprit insouciant.<br \/>\nEt lorsque la journ\u00e9e s'ach\u00e8ve, vous trouverez Olly \u00e0 son endroit pr\u00e9f\u00e9r\u00e9, le BBQ Bulle, dans le Bubbletown ! Il n'y a rien qu'il aime plus que de savourer des d\u00e9lices grill\u00e9s au barbecue apr\u00e8s une journ\u00e9e pass\u00e9e sur les vagues. Des fruits de mer grill\u00e9s aux hamburgers fumants, tout ce qui a \u00e9t\u00e9 grill\u00e9 au barbecue est dans les cordes d'Olly.<\/p>\n<p>Avec son attitude d\u00e9contract\u00e9e et son go\u00fbt pour l'aventure, Olly est toujours pr\u00eat \u00e0 passer une journ\u00e9e \u00e0 s'amuser au soleil, suivie d'un festin au bord de la plage dans son endroit pr\u00e9f\u00e9r\u00e9. Il est l\u00e0 pour vous montrer comment vivre la vie d'un vrai plagiste - une vague, un barbecue et un magnifique coucher de soleil \u00e0 la fois.<\/p><\/div>\n\t\t<\/div> \n\t<\/div>\n\t<\/div> \n<\/div><\/div><div class=\"divider-wrap\" data-alignment=\"default\"><div  class=\"divider\"><\/div><\/div><div id=\"fws_69dc2381704ac\" data-midnight=\"\" data-column-margin=\"default\" class=\"wpb_row vc_row-fluid vc_row inner_row\"  style=\"\"><div class=\"row-bg-wrap\"> <div class=\"row-bg\" ><\/div> <\/div><div class=\"row_col_wrap_12_inner col span_12  left\">\n\t<div  class=\"vc_col-sm-12 wpb_column column_container vc_column_container col child_column has-animation no-extra-padding inherit_tablet inherit_phone\"   data-padding-pos=\"all\" data-has-bg-color=\"false\" data-bg-color=\"\" data-bg-opacity=\"1\" data-animation=\"grow-in\" data-delay=\"250\" data-animation-easing=\"easeInOutQuint\" >\n\t\t<div class=\"vc_column-inner\" >\n\t\t<div class=\"wpb_wrapper\">\n\t\t\t<a class=\"nectar-button jumbo regular accent-color  regular-button\"  role=\"button\" style=\"\"  href=\"\/fr\/stories\/\" data-color-override=\"false\" data-hover-color-override=\"false\" data-hover-text-color-override=\"#fff\"><span>LIRE MON HISTOIRE COMPL\u00c8TE<\/span><\/a><div class=\"divider-wrap\" data-alignment=\"default\"><div  class=\"divider\"><\/div><\/div>\n\t\t<\/div> \n\t<\/div>\n\t<\/div> \n<\/div><\/div>\n\t\t\t<\/div> \n\t\t<\/div>\n\t<\/div> \n<\/div><\/div>","protected":false},"excerpt":{"rendered":"Hi, I'm Olly Ocean Meet Olly Ocean, the ultimate beach lover! For Olly, there\u2019s nothing better than the sea breeze, the warm sun, and the soft sand between his toes....","protected":false},"author":1,"featured_media":0,"parent":18,"menu_order":0,"comment_status":"closed","ping_status":"closed","template":"","meta":{"inline_featured_image":false,"footnotes":""},"class_list":["post-895","page","type-page","status-publish"],"_links":{"self":[{"href":"https:\/\/bubblebaby.test.sizzlecreative.co.uk\/fr\/wp-json\/wp\/v2\/pages\/895","targetHints":{"allow":["GET"]}}],"collection":[{"href":"https:\/\/bubblebaby.test.sizzlecreative.co.uk\/fr\/wp-json\/wp\/v2\/pages"}],"about":[{"href":"https:\/\/bubblebaby.test.sizzlecreative.co.uk\/fr\/wp-json\/wp\/v2\/types\/page"}],"author":[{"embeddable":true,"href":"https:\/\/bubblebaby.test.sizzlecreative.co.uk\/fr\/wp-json\/wp\/v2\/users\/1"}],"replies":[{"embeddable":true,"href":"https:\/\/bubblebaby.test.sizzlecreative.co.uk\/fr\/wp-json\/wp\/v2\/comments?post=895"}],"version-history":[{"count":8,"href":"https:\/\/bubblebaby.test.sizzlecreative.co.uk\/fr\/wp-json\/wp\/v2\/pages\/895\/revisions"}],"predecessor-version":[{"id":1474,"href":"https:\/\/bubblebaby.test.sizzlecreative.co.uk\/fr\/wp-json\/wp\/v2\/pages\/895\/revisions\/1474"}],"up":[{"embeddable":true,"href":"https:\/\/bubblebaby.test.sizzlecreative.co.uk\/fr\/wp-json\/wp\/v2\/pages\/18"}],"wp:attachment":[{"href":"https:\/\/bubblebaby.test.sizzlecreative.co.uk\/fr\/wp-json\/wp\/v2\/media?parent=895"}],"curies":[{"name":"wp","href":"https:\/\/api.w.org\/{rel}","templated":true}]}}