{"id":897,"date":"2024-10-08T14:15:13","date_gmt":"2024-10-08T13:15:13","guid":{"rendered":"https:\/\/bubblebaby.co.uk\/?page_id=897"},"modified":"2024-12-18T17:01:51","modified_gmt":"2024-12-18T17:01:51","slug":"bubble-bum-bob","status":"publish","type":"page","link":"https:\/\/bubblebaby.test.sizzlecreative.co.uk\/es\/characters\/bubble-bum-bob\/","title":{"rendered":"Bubble Bum Bob"},"content":{"rendered":"<div id=\"fws_69dc232c652ea\"  data-column-margin=\"50px\" data-midnight=\"dark\"  class=\"wpb_row vc_row-fluid vc_row full-width-section vc_row-o-equal-height vc_row-flex vc_row-o-content-bottom  reverse_columns_column_tablet reverse_columns_column_phone top_padding_tablet_100px top_padding_phone_50px\"  style=\"padding-top: 100px; padding-bottom: 100px; \"><div class=\"row-bg-wrap\" data-bg-animation=\"none\" data-bg-animation-delay=\"\" data-bg-overlay=\"false\"><div class=\"inner-wrap row-bg-layer\" ><div class=\"row-bg viewport-desktop\"  style=\"\"><\/div><\/div><\/div><ul class=\"nectar-parallax-scene row-bg-layer\" data-scene-position=\"bottom\" data-scene-strength=\"2\"><li class=\"layer\" data-depth=\"0.00\"><\/li><li class=\"layer\" data-depth=\"0\"><div style=\"background-image:url('https:\/\/bubblebaby.test.sizzlecreative.co.uk\/wp-content\/uploads\/2024\/09\/sky-1.png');\"><\/div><\/li><li class=\"layer\" data-depth=\".1\"><div style=\"background-image:url('https:\/\/bubblebaby.test.sizzlecreative.co.uk\/wp-content\/uploads\/2024\/09\/skyline-2.png');\"><\/div><\/li><li class=\"layer\" data-depth=\".2\"><div style=\"background-image:url('https:\/\/bubblebaby.test.sizzlecreative.co.uk\/wp-content\/uploads\/2024\/09\/bktrees-1flip-1.png');\"><\/div><\/li><li class=\"layer\" data-depth=\".80\"><div style=\"background-image:url('https:\/\/bubblebaby.test.sizzlecreative.co.uk\/wp-content\/uploads\/2024\/09\/grass-1.png');\"><\/div><\/li><li class=\"layer\" data-depth=\"1.00\"><div style=\"background-image:url('https:\/\/bubblebaby.test.sizzlecreative.co.uk\/wp-content\/uploads\/2024\/09\/foreground-bush-1.png');\"><\/div><\/li><\/ul><div class=\"row_col_wrap_12 col span_12 dark left\">\n\t<div  class=\"vc_col-sm-2\/5 vc_col-xs-12 wpb_column column_container vc_column_container col has-animation no-extra-padding inherit_tablet inherit_phone\"  data-padding-pos=\"all\" data-has-bg-color=\"false\" data-bg-color=\"\" data-bg-opacity=\"1\" data-animation=\"grow-in\" data-delay=\"0\" data-animation-easing=\"easeInOutCirc\" >\n\t\t<div class=\"vc_column-inner\" >\n\t\t\t<div class=\"wpb_wrapper\">\n\t\t\t\t<div class=\"img-with-aniamtion-wrap\" data-max-width=\"100%\" data-max-width-mobile=\"default\" data-shadow=\"none\" data-animation=\"none\" >\n      <div class=\"inner\">\n        <div class=\"hover-wrap\"> \n          <div class=\"hover-wrap-inner\">\n            <img loading=\"lazy\" decoding=\"async\" class=\"img-with-animation skip-lazy\" data-delay=\"0\" height=\"800\" width=\"800\" data-animation=\"none\" src=\"https:\/\/bubblebaby.test.sizzlecreative.co.uk\/wp-content\/uploads\/2024\/12\/bubble-bum-bob.webp\" alt=\"\"  \/>\n          <\/div>\n        <\/div>\n      <\/div>\n    <\/div><div class=\"divider-wrap\" data-alignment=\"default\"><div style=\"height: 80px;\" class=\"divider\"><\/div><\/div>\n\t\t\t<\/div> \n\t\t<\/div>\n\t<\/div> \n\n\t<div style=\"margin-top: 50px; margin-bottom: 100px; \" class=\"vc_col-sm-3\/5 wpb_column column_container vc_column_container col centered-text has-animation padding-4-percent top_margin_phone_0px inherit_tablet inherit_phone backdrop_filter_blur backdrop_blur_20\" data-using-bg=\"true\" data-border-radius=\"20px\" data-overlay-color=\"true\" data-padding-pos=\"all\" data-has-bg-color=\"true\" data-bg-color=\"#ffffff\" data-bg-opacity=\"0.5\" data-animation=\"fade-in\" data-delay=\"0\" >\n\t\t<div class=\"vc_column-inner\" ><div class=\"column-bg-overlay-wrap column-bg-layer\" data-bg-animation=\"none\"><div class=\"column-bg-overlay\" style=\"opacity: 0.5; background-color: #ffffff;\"><\/div><div class=\"column-overlay-layer\" style=\"background:linear-gradient(0deg, rgba(75,255,98,0.292) 0%, rgb(255,255,255) 67%);\"><\/div><\/div>\n\t\t\t<div class=\"wpb_wrapper\">\n\t\t\t\t<div id=\"fws_69dc232c6707b\" data-midnight=\"\" data-column-margin=\"default\" class=\"wpb_row vc_row-fluid vc_row inner_row\"  style=\"\"><div class=\"row-bg-wrap\"> <div class=\"row-bg\" ><\/div> <\/div><div class=\"row_col_wrap_12_inner col span_12  left\">\n\t<div style=\"margin-top: 50px; \" class=\"vc_col-sm-12 wpb_column column_container vc_column_container col child_column has-animation no-extra-padding inherit_tablet inherit_phone\"   data-padding-pos=\"all\" data-has-bg-color=\"false\" data-bg-color=\"\" data-bg-opacity=\"1\" data-animation=\"fade-in-from-bottom\" data-delay=\"300\" >\n\t\t<div class=\"vc_column-inner\" >\n\t\t<div class=\"wpb_wrapper\">\n\t\t\t\n<div class=\"wpb_text_column wpb_content_element\" >\n\t<div class=\"wpb_wrapper\">\n\t\t<h1>Hola, soy Bubble-Bum Bob<\/h1>\n\t<\/div>\n<\/div>\n\n\n\n\n\t\t<\/div> \n\t<\/div>\n\t<\/div> \n<\/div><\/div><div class=\"divider-wrap\" data-alignment=\"default\"><div  class=\"divider\"><\/div><\/div><div id=\"fws_69dc232c67d3f\" data-midnight=\"\" data-column-margin=\"default\" class=\"wpb_row vc_row-fluid vc_row inner_row\"  style=\"\"><div class=\"row-bg-wrap\"> <div class=\"row-bg\" ><\/div> <\/div><div class=\"row_col_wrap_12_inner col span_12  left\">\n\t<div  class=\"vc_col-sm-12 wpb_column column_container vc_column_container col child_column has-animation no-extra-padding inherit_tablet inherit_phone\"   data-padding-pos=\"all\" data-has-bg-color=\"false\" data-bg-color=\"\" data-bg-opacity=\"1\" data-animation=\"fade-in-from-bottom\" data-delay=\"600\" >\n\t\t<div class=\"vc_column-inner\" >\n\t\t<div class=\"wpb_wrapper\">\n\t\t\t<div class=\"nectar-split-heading\" data-align=\"default\" data-m-align=\"inherit\" data-text-effect=\"none\" data-animation-type=\"line-reveal-by-space\" data-animation-delay=\"200\" data-animation-offset=\"\" data-m-rm-animation=\"\" data-stagger=\"true\" data-custom-font-size=\"false\" ><p >Oi, soy Bubble-Bum Bob, \u00a1el mayor alborotador de Bubbletown! Me encanta soplar burbujas enormes y malolientes que hacen que toda la ciudad apeste a gloria. No hay nada mejor que convertir el aire fresco y burbujeante de Bubbletown en un desastre maloliente con mis apestosas creaciones de burbujas.<\/p>\n<p>No me gusta jugar a ser simp\u00e1tica, \u00a1lo m\u00edo es provocar el caos! Mis burbujas flotan por todas partes (casas, parques, etc.) y, cuando estallan, dejan un olor apestoso. La Brigada de las Burbujas intenta detenerme, pero yo me limito a soplar a\u00fan m\u00e1s burbujas y a re\u00edrme mientras ellos corren de un lado a otro tap\u00e1ndose la nariz.<\/p>\n<p>Pero no soy s\u00f3lo un alborotador, tambi\u00e9n soy escurridizo. Coloco trampas f\u00e9tidas por toda la ciudad, esperando el momento perfecto para soltar mis burbujas podridas. As\u00ed que si hueles algo asqueroso en el aire, puedes estar seguro de que soy yo, Bob Burbuja, que estoy tramando algo malo y listo para hacer alguna travesura maloliente.<\/p><\/div>\n\t\t<\/div> \n\t<\/div>\n\t<\/div> \n<\/div><\/div><div class=\"divider-wrap\" data-alignment=\"default\"><div  class=\"divider\"><\/div><\/div><div id=\"fws_69dc232c68859\" data-midnight=\"\" data-column-margin=\"default\" class=\"wpb_row vc_row-fluid vc_row inner_row\"  style=\"\"><div class=\"row-bg-wrap\"> <div class=\"row-bg\" ><\/div> <\/div><div class=\"row_col_wrap_12_inner col span_12  left\">\n\t<div  class=\"vc_col-sm-12 wpb_column column_container vc_column_container col child_column has-animation no-extra-padding inherit_tablet inherit_phone\"   data-padding-pos=\"all\" data-has-bg-color=\"false\" data-bg-color=\"\" data-bg-opacity=\"1\" data-animation=\"grow-in\" data-delay=\"250\" data-animation-easing=\"easeInOutQuint\" >\n\t\t<div class=\"vc_column-inner\" >\n\t\t<div class=\"wpb_wrapper\">\n\t\t\t<a class=\"nectar-button jumbo regular accent-color  regular-button\"  role=\"button\" style=\"\"  href=\"\/es\/stories\/\" data-color-override=\"false\" data-hover-color-override=\"false\" data-hover-text-color-override=\"#fff\"><span>LEER MI HISTORIA COMPLETA<\/span><\/a><div class=\"divider-wrap\" data-alignment=\"default\"><div  class=\"divider\"><\/div><\/div>\n\t\t<\/div> \n\t<\/div>\n\t<\/div> \n<\/div><\/div>\n\t\t\t<\/div> \n\t\t<\/div>\n\t<\/div> \n<\/div><\/div>","protected":false},"excerpt":{"rendered":"Hi, I'm Bubble-Bum Bob Oi, I\u2019m Bubble-Bum Bob, the biggest troublemaker in Bubbletown! I love blowing massive, smelly bubbles that make the whole town stink to high heaven. There\u2019s nothing...","protected":false},"author":1,"featured_media":0,"parent":18,"menu_order":0,"comment_status":"closed","ping_status":"closed","template":"","meta":{"inline_featured_image":false,"footnotes":""},"class_list":["post-897","page","type-page","status-publish"],"_links":{"self":[{"href":"https:\/\/bubblebaby.test.sizzlecreative.co.uk\/es\/wp-json\/wp\/v2\/pages\/897","targetHints":{"allow":["GET"]}}],"collection":[{"href":"https:\/\/bubblebaby.test.sizzlecreative.co.uk\/es\/wp-json\/wp\/v2\/pages"}],"about":[{"href":"https:\/\/bubblebaby.test.sizzlecreative.co.uk\/es\/wp-json\/wp\/v2\/types\/page"}],"author":[{"embeddable":true,"href":"https:\/\/bubblebaby.test.sizzlecreative.co.uk\/es\/wp-json\/wp\/v2\/users\/1"}],"replies":[{"embeddable":true,"href":"https:\/\/bubblebaby.test.sizzlecreative.co.uk\/es\/wp-json\/wp\/v2\/comments?post=897"}],"version-history":[{"count":5,"href":"https:\/\/bubblebaby.test.sizzlecreative.co.uk\/es\/wp-json\/wp\/v2\/pages\/897\/revisions"}],"predecessor-version":[{"id":1469,"href":"https:\/\/bubblebaby.test.sizzlecreative.co.uk\/es\/wp-json\/wp\/v2\/pages\/897\/revisions\/1469"}],"up":[{"embeddable":true,"href":"https:\/\/bubblebaby.test.sizzlecreative.co.uk\/es\/wp-json\/wp\/v2\/pages\/18"}],"wp:attachment":[{"href":"https:\/\/bubblebaby.test.sizzlecreative.co.uk\/es\/wp-json\/wp\/v2\/media?parent=897"}],"curies":[{"name":"wp","href":"https:\/\/api.w.org\/{rel}","templated":true}]}}